{"id":18,"date":"2024-03-02T04:00:52","date_gmt":"2024-03-02T04:00:52","guid":{"rendered":"https:\/\/nhavin360.vn\/?page_id=18"},"modified":"2024-03-22T10:48:09","modified_gmt":"2024-03-22T10:48:09","slug":"lien-he","status":"publish","type":"page","link":"https:\/\/hoanganhrealtor.com\/?page_id=18","title":{"rendered":"Li\u00ean H\u1ec7"},"content":{"rendered":"\n\t<section class=\"section\" id=\"section_2000246543\">\n\t\t<div class=\"section-bg fill\" >\n\t\t\t\t\t\t\t\t\t<div class=\"section-bg-overlay absolute fill\"><\/div>\n\t\t\t\n\n\t\t<\/div>\n\n\t\t\n\n\t\t<div class=\"section-content relative\">\n\t\t\t\n<div class=\"row row-collapse align-middle\"  id=\"row-590337790\">\n\n\t<div id=\"col-1651088793\" class=\"col medium-6 small-12 large-6\"  >\n\t\t\t\t<div class=\"col-inner text-center\"  >\n\t\t\t\n\t\t\t\n<div class=\"row row-collapse align-middle align-center\"  id=\"row-115579825\">\n\n\t<div id=\"col-157882944\" class=\"col medium-11 small-12 large-11\"  >\n\t\t\t\t<div class=\"col-inner text-center\"  >\n\t\t\t\n\t\t\t\n\t<div id=\"text-3798801388\" class=\"text\">\n\t\t\n<p><strong>S\u00c0N GIAO D\u1ecaCH D\u1ef0 \u00c1N VINHOMES<\/strong><\/p>\n\t\t\n<style>\n#text-3798801388 {\n  font-size: 1.2rem;\n  text-align: center;\n  color: rgb(255, 255, 255);\n}\n#text-3798801388 > * {\n  color: rgb(255, 255, 255);\n}\n@media (min-width:550px) {\n  #text-3798801388 {\n    font-size: 2rem;\n  }\n}\n<\/style>\n\t<\/div>\n\t\n\t<div id=\"text-2207740858\" class=\"text\">\n\t\t\n<p>To\u00e0 Sunshine palace, ng\u00f5 13, L\u0129nh Nam, P. Mai \u0110\u1ed9ng, Q. Ho\u00e0ng Mai, H\u00e0 N\u1ed9i<\/p>\n\t\t\n<style>\n#text-2207740858 {\n  font-size: 1.2rem;\n  text-align: center;\n  color: rgb(255, 255, 255);\n}\n#text-2207740858 > * {\n  color: rgb(255, 255, 255);\n}\n@media (min-width:550px) {\n  #text-2207740858 {\n    font-size: 1rem;\n  }\n}\n<\/style>\n\t<\/div>\n\t\n\t<div id=\"gap-1347068260\" class=\"gap-element clearfix\" style=\"display:block; height:auto;\">\n\t\t\n<style>\n#gap-1347068260 {\n  padding-top: 5px;\n}\n<\/style>\n\t<\/div>\n\t\n\t<div id=\"text-22101210\" class=\"text\">\n\t\t\n<h3><strong>0981292343 | bao.tuanvt@gmail.com<\/strong><\/h3>\n\t\t\n<style>\n#text-22101210 {\n  font-size: 1.2rem;\n  text-align: center;\n  color: rgb(255, 238, 0);\n}\n#text-22101210 > * {\n  color: rgb(255, 238, 0);\n}\n<\/style>\n\t<\/div>\n\t\n\t<div id=\"gap-128170340\" class=\"gap-element clearfix\" style=\"display:block; height:auto;\">\n\t\t\n<style>\n#gap-128170340 {\n  padding-top: 15px;\n}\n<\/style>\n\t<\/div>\n\t\n\t<div id=\"text-2533044343\" class=\"text\">\n\t\t\n<p><span style=\"font-size: 110%;\">Th\u1eddi gian l\u00e0m vi\u1ec7c: 8:00 \u2013 18:00 C\u00e1c ng\u00e0y trong tu\u1ea7n<\/span><\/p>\n\t\t\n<style>\n#text-2533044343 {\n  text-align: center;\n  color: rgb(255, 255, 255);\n}\n#text-2533044343 > * {\n  color: rgb(255, 255, 255);\n}\n<\/style>\n\t<\/div>\n\t\n\t<div id=\"gap-1017121110\" class=\"gap-element clearfix\" style=\"display:block; height:auto;\">\n\t\t\n<style>\n#gap-1017121110 {\n  padding-top: 10px;\n}\n<\/style>\n\t<\/div>\n\t\n\t\t<\/div>\n\t\t\t\t\t<\/div>\n\n\t\n<\/div>\n\t\t<\/div>\n\t\t\t\t\n<style>\n#col-1651088793 > .col-inner {\n  padding: 15px 0px 0px 0px;\n}\n<\/style>\n\t<\/div>\n\n\t\n\n\t<div id=\"col-1457697792\" class=\"col medium-6 small-12 large-6\"  >\n\t\t\t\t<div class=\"col-inner text-center\"  >\n\t\t\t\n\t\t\t\n<div class=\"row row-collapse row-full-width\"  id=\"row-692753062\">\n\n\t<div id=\"col-1970055268\" class=\"col small-12 large-12\"  >\n\t\t\t\t<div class=\"col-inner text-center\"  >\n\t\t\t\n\t\t\t\n\t<div id=\"gap-1737890717\" class=\"gap-element clearfix\" style=\"display:block; height:auto;\">\n\t\t\n<style>\n#gap-1737890717 {\n  padding-top: 20px;\n}\n<\/style>\n\t<\/div>\n\t\n\t<div id=\"text-422420547\" class=\"text\">\n\t\t\n<h3><strong>\u0110\u0102NG K\u00dd NH\u1eacN TH\u00d4NG TIN<\/strong><\/h3>\n\t\t\n<style>\n#text-422420547 {\n  text-align: center;\n  color: rgb(255, 255, 255);\n}\n#text-422420547 > * {\n  color: rgb(255, 255, 255);\n}\n<\/style>\n\t<\/div>\n\t\n\n<div class=\"wpcf7 no-js\" id=\"wpcf7-f7-o1\" lang=\"vi\" dir=\"ltr\" data-wpcf7-id=\"7\">\n<div class=\"screen-reader-response\"><p role=\"status\" aria-live=\"polite\" aria-atomic=\"true\"><\/p> <ul><\/ul><\/div>\n<form action=\"\/index.php?rest_route=%2Fwp%2Fv2%2Fpages%2F18#wpcf7-f7-o1\" method=\"post\" class=\"wpcf7-form init\" aria-label=\"Form li\u00ean h\u1ec7\" novalidate=\"novalidate\" data-status=\"init\">\n<fieldset class=\"hidden-fields-container\"><input type=\"hidden\" name=\"_wpcf7\" value=\"7\" \/><input type=\"hidden\" name=\"_wpcf7_version\" value=\"6.1.5\" \/><input type=\"hidden\" name=\"_wpcf7_locale\" value=\"vi\" \/><input type=\"hidden\" name=\"_wpcf7_unit_tag\" value=\"wpcf7-f7-o1\" \/><input type=\"hidden\" name=\"_wpcf7_container_post\" value=\"0\" \/><input type=\"hidden\" name=\"_wpcf7_posted_data_hash\" value=\"\" \/>\n<\/fieldset>\n<p><span class=\"wpcf7-form-control-wrap\" data-name=\"your-name\"><input size=\"40\" maxlength=\"400\" class=\"wpcf7-form-control wpcf7-text wpcf7-validates-as-required\" aria-required=\"true\" aria-invalid=\"false\" placeholder=\"H\u1ecd t\u00ean\" value=\"\" type=\"text\" name=\"your-name\" \/><\/span>\n<\/p>\n<p><span class=\"wpcf7-form-control-wrap\" data-name=\"your-phone\"><input size=\"40\" maxlength=\"400\" class=\"wpcf7-form-control wpcf7-tel wpcf7-validates-as-required wpcf7-text wpcf7-validates-as-tel\" aria-required=\"true\" aria-invalid=\"false\" placeholder=\"\u0110i\u1ec7n tho\u1ea1i\" value=\"\" type=\"tel\" name=\"your-phone\" \/><\/span>\n<\/p>\n<p><span class=\"wpcf7-form-control-wrap\" data-name=\"menu-8\"><select class=\"wpcf7-form-control wpcf7-select wpcf7-validates-as-required\" aria-required=\"true\" aria-invalid=\"false\" name=\"menu-8\"><option value=\"\">&#8212;Vui l\u00f2ng ch\u1ecdn&#8212;<\/option><option value=\"C\u0103n H\u1ed9 \u0110\u00e0 N\u1eb5ng\">C\u0103n H\u1ed9 \u0110\u00e0 N\u1eb5ng<\/option><option value=\"Nh\u00e0 Ph\u1ed1 \u0110\u00e0 N\u1eb5ng\">Nh\u00e0 Ph\u1ed1 \u0110\u00e0 N\u1eb5ng<\/option><option value=\"Bi\u1ec7t Th\u1ef1 \u0110\u00e0 N\u1eb5ng\">Bi\u1ec7t Th\u1ef1 \u0110\u00e0 N\u1eb5ng<\/option><\/select><\/span>\n<\/p>\n<p><input class=\"wpcf7-form-control wpcf7-submit has-spinner button\" type=\"submit\" value=\"\u0110\u0103ng K\u00fd\" \/>\n<\/p><div class=\"wpcf7-response-output\" aria-hidden=\"true\"><\/div>\n<\/form>\n<\/div>\n\n\t\t<\/div>\n\t\t\t\t\t<\/div>\n\n\t\n<\/div>\n\t\t<\/div>\n\t\t\t\t\t<\/div>\n\n\t\n\n\t<div id=\"col-1342053326\" class=\"col small-12 large-12\"  >\n\t\t\t\t<div class=\"col-inner\"  >\n\t\t\t\n\t\t\t\n\n<p><iframe src=\"https:\/\/www.google.com\/maps\/embed?pb=!1m14!1m8!1m3!1d14900.28574336435!2d105.8678032!3d20.9897734!3m2!1i1024!2i768!4f13.1!3m3!1m2!1s0x3135ac1a41a56dfb%3A0x4390e05b26a5de4b!2sSunshine%20Palace%20L%C4%A9nh%20Nam!5e0!3m2!1svi!2s!4v1711103948313!5m2!1svi!2s\" width=\"100%\" height=\"450\" style=\"border:0;\" allowfullscreen=\"\" loading=\"lazy\" referrerpolicy=\"no-referrer-when-downgrade\"><\/iframe><br \/>\n\n\t\t<\/div>\n\t\t\t\t\t<\/div>\n\n\t\n<\/div>\n\t\t<\/div>\n\n\t\t\n<style>\n#section_2000246543 {\n  padding-top: 0px;\n  padding-bottom: 0px;\n}\n#section_2000246543 .section-bg-overlay {\n  background-color: #1e73be;\n}\n@media (min-width:550px) {\n  #section_2000246543 {\n    padding-top: 30px;\n    padding-bottom: 30px;\n  }\n}\n<\/style>\n\t<\/section>\n\t\n","protected":false},"excerpt":{"rendered":"","protected":false},"author":1,"featured_media":0,"parent":0,"menu_order":0,"comment_status":"closed","ping_status":"closed","template":"","meta":{"footnotes":""},"class_list":["post-18","page","type-page","status-publish","hentry"],"_links":{"self":[{"href":"https:\/\/hoanganhrealtor.com\/index.php?rest_route=\/wp\/v2\/pages\/18","targetHints":{"allow":["GET"]}}],"collection":[{"href":"https:\/\/hoanganhrealtor.com\/index.php?rest_route=\/wp\/v2\/pages"}],"about":[{"href":"https:\/\/hoanganhrealtor.com\/index.php?rest_route=\/wp\/v2\/types\/page"}],"author":[{"embeddable":true,"href":"https:\/\/hoanganhrealtor.com\/index.php?rest_route=\/wp\/v2\/users\/1"}],"replies":[{"embeddable":true,"href":"https:\/\/hoanganhrealtor.com\/index.php?rest_route=%2Fwp%2Fv2%2Fcomments&post=18"}],"version-history":[{"count":6,"href":"https:\/\/hoanganhrealtor.com\/index.php?rest_route=\/wp\/v2\/pages\/18\/revisions"}],"predecessor-version":[{"id":471,"href":"https:\/\/hoanganhrealtor.com\/index.php?rest_route=\/wp\/v2\/pages\/18\/revisions\/471"}],"wp:attachment":[{"href":"https:\/\/hoanganhrealtor.com\/index.php?rest_route=%2Fwp%2Fv2%2Fmedia&parent=18"}],"curies":[{"name":"wp","href":"https:\/\/api.w.org\/{rel}","templated":true}]}}